{"id":2916,"date":"2023-07-05T10:46:30","date_gmt":"2023-07-05T08:46:30","guid":{"rendered":"https:\/\/internationalrecruitment.it\/case-history\/"},"modified":"2024-04-10T11:04:29","modified_gmt":"2024-04-10T09:04:29","slug":"histoire","status":"publish","type":"page","link":"https:\/\/internationalrecruitment.it\/fr\/histoire\/","title":{"rendered":"Histoire"},"content":{"rendered":"\t\t<div data-elementor-type=\"wp-page\" data-elementor-id=\"2916\" class=\"elementor elementor-2916 elementor-1329\" data-elementor-post-type=\"page\">\n\t\t\t\t\t\t<section class=\"elementor-section elementor-top-section elementor-element elementor-element-223efe0 elementor-section-height-min-height elementor-section-stretched cspt-col-stretched-none cspt-bg-color-over-image elementor-section-boxed elementor-section-height-default elementor-section-items-middle\" data-id=\"223efe0\" data-element_type=\"section\" data-e-type=\"section\" data-settings=\"{&quot;stretch_section&quot;:&quot;section-stretched&quot;,&quot;background_background&quot;:&quot;classic&quot;}\">\n\t\t\t\t\t\t\t<div class=\"elementor-background-overlay\"><\/div>\n\t\t\t\t\t\t\t<div class=\"elementor-container elementor-column-gap-no\">\n\t\t\t\t\t<div class=\"elementor-column elementor-col-100 elementor-top-column elementor-element elementor-element-be7a11e cspt-bg-color-over-image\" data-id=\"be7a11e\" data-element_type=\"column\" data-e-type=\"column\">\n\t\t\t<div class=\"elementor-widget-wrap elementor-element-populated\">\n\t\t\t\t\t\t<div class=\"elementor-element elementor-element-c9e02ab elementor-widget elementor-widget-heading\" data-id=\"c9e02ab\" data-element_type=\"widget\" data-e-type=\"widget\" data-widget_type=\"heading.default\">\n\t\t\t\t<div class=\"elementor-widget-container\">\n\t\t\t\t\t<h2 class=\"elementor-heading-title elementor-size-default\">Histoire<\/h2>\t\t\t\t<\/div>\n\t\t\t\t<\/div>\n\t\t\t\t\t<\/div>\n\t\t<\/div>\n\t\t\t\t\t<\/div>\n\t\t<\/section>\n\t\t\t\t<section class=\"elementor-section elementor-top-section elementor-element elementor-element-786f015e elementor-section-content-middle cspt-col-stretched-none cspt-bg-color-over-image elementor-section-boxed elementor-section-height-default elementor-section-height-default\" data-id=\"786f015e\" data-element_type=\"section\" data-e-type=\"section\">\n\t\t\t\t\t\t<div class=\"elementor-container elementor-column-gap-no\">\n\t\t\t\t\t<div class=\"elementor-column elementor-col-50 elementor-top-column elementor-element elementor-element-57a24d4a cspt-bg-color-over-image\" data-id=\"57a24d4a\" data-element_type=\"column\" data-e-type=\"column\">\n\t\t\t<div class=\"elementor-widget-wrap elementor-element-populated\">\n\t\t\t\t\t\t<div class=\"elementor-element elementor-element-146282ea elementor-widget__width-auto elementor-invisible elementor-widget elementor-widget-heading\" data-id=\"146282ea\" data-element_type=\"widget\" data-e-type=\"widget\" data-settings=\"{&quot;_animation&quot;:&quot;fadeIn&quot;}\" data-widget_type=\"heading.default\">\n\t\t\t\t<div class=\"elementor-widget-container\">\n\t\t\t\t\t<p class=\"elementor-heading-title elementor-size-default\">L'histoire de <\/p>\t\t\t\t<\/div>\n\t\t\t\t<\/div>\n\t\t\t\t<div class=\"elementor-element elementor-element-69245c0 cspt-align-left elementor-invisible elementor-widget elementor-widget-cspt_heading\" data-id=\"69245c0\" data-element_type=\"widget\" data-e-type=\"widget\" data-settings=\"{&quot;_animation&quot;:&quot;fadeInRight&quot;,&quot;_animation_delay&quot;:300}\" data-widget_type=\"cspt_heading.default\">\n\t\t\t\t<div class=\"elementor-widget-container\">\n\t\t\t\t\t\t<div class=\"cspt-heading-subheading left-align cspt-reverse-heading-yes\"><h2 class=\"cspt-element-title\">\r\n\t\t\t\r\n\t\t\t\tLeticia e Rafael\r\n\t\t\t\r\n\t\t\t<\/h2>\r\n\t\t<\/div>\t\t\t\t<\/div>\n\t\t\t\t<\/div>\n\t\t\t\t<div class=\"elementor-element elementor-element-6447ee9 elementor-invisible elementor-widget elementor-widget-text-editor\" data-id=\"6447ee9\" data-element_type=\"widget\" data-e-type=\"widget\" data-settings=\"{&quot;_animation&quot;:&quot;fadeInLeft&quot;,&quot;_animation_delay&quot;:300}\" data-widget_type=\"text-editor.default\">\n\t\t\t\t<div class=\"elementor-widget-container\">\n\t\t\t\t\t\t\t\t\t<p><em>Une opportunit\u00e9 professionnelle unique, une occasion pour se remettre en question, une exp\u00e9rience de vie dans un pays loin de chez vous, \u00e0 partager avec la personne que l\u2019on aime : voici l\u2019histoire de Leticia et Rafael, deux jeunes <span style=\"color: #003366;\">#infirmiers<\/span> br\u00e9siliens qui ont choisi de d\u00e9m\u00e9nager en <span style=\"color: #003366;\">#Italie<\/span>, gr\u00e2ce au projet Nurses \u2013 International Recruitment d\u2019 <span style=\"color: #003366;\">#Openjobmetis<\/span>.  <\/em><\/p>\n<p><em>Apr\u00e8s le processus cognitif et bureaucratique n\u00e9cessaire, le couple est arriv\u00e9 dans notre pays pour commencer une nouvelle et grande aventure, professionnelle, mais pas seulement.<\/em><\/p>\n<p><em>Apr\u00e8s un mois, enti\u00e8rement tous frais pay\u00e9s, pendant lequel ils ont fr\u00e9quent\u00e9 un cours d\u2019italien sp\u00e9cialis\u00e9 dans le domaine des soins <span style=\"color: #003366;\">#m\u00e9dicaux<\/span>, depuis fin d\u00e9cembre, Leticia et Rafael travaillent dans une structure sanitaire \u00e0 Alba, o\u00f9 ils ont trouv\u00e9 un accueil chaleureux et tr\u00e8s stimulant. <\/em><\/p>\n\t\t\t\t\t\t\t\t<\/div>\n\t\t\t\t<\/div>\n\t\t\t\t\t<\/div>\n\t\t<\/div>\n\t\t\t\t<div class=\"elementor-column elementor-col-50 elementor-top-column elementor-element elementor-element-636fec6e cspt-bg-color-over-image\" data-id=\"636fec6e\" data-element_type=\"column\" data-e-type=\"column\">\n\t\t\t<div class=\"elementor-widget-wrap elementor-element-populated\">\n\t\t\t\t\t\t<div class=\"elementor-element elementor-element-624ef780 elementor-widget__width-initial elementor-widget-tablet__width-initial elementor-widget-mobile__width-initial elementor-absolute elementor-invisible elementor-widget elementor-widget-image\" data-id=\"624ef780\" data-element_type=\"widget\" data-e-type=\"widget\" data-settings=\"{&quot;_animation&quot;:&quot;fadeInLeft&quot;,&quot;_position&quot;:&quot;absolute&quot;}\" data-widget_type=\"image.default\">\n\t\t\t\t<div class=\"elementor-widget-container\">\n\t\t\t\t\t\t\t\t\t\t\t\t\t\t\t<img fetchpriority=\"high\" decoding=\"async\" width=\"777\" height=\"777\" src=\"https:\/\/internationalrecruitment.it\/wp-content\/uploads\/case-history-Leticia-1.jpg\" class=\"attachment-full size-full wp-image-1452\" alt=\"\" srcset=\"https:\/\/internationalrecruitment.it\/wp-content\/uploads\/case-history-Leticia-1.jpg 777w, https:\/\/internationalrecruitment.it\/wp-content\/uploads\/case-history-Leticia-1-300x300.jpg 300w, https:\/\/internationalrecruitment.it\/wp-content\/uploads\/case-history-Leticia-1-150x150.jpg 150w, https:\/\/internationalrecruitment.it\/wp-content\/uploads\/case-history-Leticia-1-768x768.jpg 768w, https:\/\/internationalrecruitment.it\/wp-content\/uploads\/case-history-Leticia-1-770x770.jpg 770w, https:\/\/internationalrecruitment.it\/wp-content\/uploads\/case-history-Leticia-1-270x270.jpg 270w\" sizes=\"(max-width: 777px) 100vw, 777px\" data-id=\"1452\" \/>\t\t\t\t\t\t\t\t\t\t\t\t\t\t\t<\/div>\n\t\t\t\t<\/div>\n\t\t\t\t<div class=\"elementor-element elementor-element-43f40154 elementor-invisible elementor-widget elementor-widget-image\" data-id=\"43f40154\" data-element_type=\"widget\" data-e-type=\"widget\" data-settings=\"{&quot;_animation&quot;:&quot;fadeInDown&quot;}\" data-widget_type=\"image.default\">\n\t\t\t\t<div class=\"elementor-widget-container\">\n\t\t\t\t\t\t\t\t\t\t\t\t\t\t\t<img decoding=\"async\" width=\"777\" height=\"777\" src=\"https:\/\/internationalrecruitment.it\/wp-content\/uploads\/case-history-Rafael.jpg\" class=\"attachment-full size-full wp-image-1438\" alt=\"\" srcset=\"https:\/\/internationalrecruitment.it\/wp-content\/uploads\/case-history-Rafael.jpg 777w, https:\/\/internationalrecruitment.it\/wp-content\/uploads\/case-history-Rafael-300x300.jpg 300w, https:\/\/internationalrecruitment.it\/wp-content\/uploads\/case-history-Rafael-150x150.jpg 150w, https:\/\/internationalrecruitment.it\/wp-content\/uploads\/case-history-Rafael-768x768.jpg 768w, https:\/\/internationalrecruitment.it\/wp-content\/uploads\/case-history-Rafael-770x770.jpg 770w, https:\/\/internationalrecruitment.it\/wp-content\/uploads\/case-history-Rafael-270x270.jpg 270w\" sizes=\"(max-width: 777px) 100vw, 777px\" data-id=\"1438\" \/>\t\t\t\t\t\t\t\t\t\t\t\t\t\t\t<\/div>\n\t\t\t\t<\/div>\n\t\t\t\t\t<\/div>\n\t\t<\/div>\n\t\t\t\t\t<\/div>\n\t\t<\/section>\n\t\t\t\t<section class=\"elementor-section elementor-top-section elementor-element elementor-element-b28247c cspt-bg-color-yes cspt-elementor-bg-color-light elementor-section-stretched cspt-bg-image-over-color cspt-col-stretched-none elementor-section-boxed elementor-section-height-default elementor-section-height-default\" data-id=\"b28247c\" data-element_type=\"section\" data-e-type=\"section\" data-settings=\"{&quot;stretch_section&quot;:&quot;section-stretched&quot;,&quot;background_background&quot;:&quot;classic&quot;}\">\n\t\t\t\t\t\t<div class=\"elementor-container elementor-column-gap-no\">\n\t\t\t\t\t<div class=\"elementor-column elementor-col-50 elementor-top-column elementor-element elementor-element-96a0d06 cspt-bg-color-over-image\" data-id=\"96a0d06\" data-element_type=\"column\" data-e-type=\"column\">\n\t\t\t<div class=\"elementor-widget-wrap elementor-element-populated\">\n\t\t\t\t\t\t<div class=\"elementor-element elementor-element-3e8bbe3 elementor-invisible elementor-widget elementor-widget-image\" data-id=\"3e8bbe3\" data-element_type=\"widget\" data-e-type=\"widget\" data-settings=\"{&quot;_animation&quot;:&quot;zoomIn&quot;,&quot;_animation_delay&quot;:600}\" data-widget_type=\"image.default\">\n\t\t\t\t<div class=\"elementor-widget-container\">\n\t\t\t\t\t\t\t\t\t\t\t\t\t\t\t<img decoding=\"async\" width=\"530\" height=\"530\" src=\"https:\/\/internationalrecruitment.it\/wp-content\/uploads\/nurses.png\" class=\"attachment-large size-large wp-image-959\" alt=\"\" srcset=\"https:\/\/internationalrecruitment.it\/wp-content\/uploads\/nurses.png 530w, https:\/\/internationalrecruitment.it\/wp-content\/uploads\/nurses-300x300.png 300w, https:\/\/internationalrecruitment.it\/wp-content\/uploads\/nurses-150x150.png 150w, https:\/\/internationalrecruitment.it\/wp-content\/uploads\/nurses-270x270.png 270w\" sizes=\"(max-width: 530px) 100vw, 530px\" data-id=\"959\" \/>\t\t\t\t\t\t\t\t\t\t\t\t\t\t\t<\/div>\n\t\t\t\t<\/div>\n\t\t\t\t\t<\/div>\n\t\t<\/div>\n\t\t\t\t<div class=\"elementor-column elementor-col-50 elementor-top-column elementor-element elementor-element-1d6e1f4 cspt-bg-color-over-image\" data-id=\"1d6e1f4\" data-element_type=\"column\" data-e-type=\"column\">\n\t\t\t<div class=\"elementor-widget-wrap elementor-element-populated\">\n\t\t\t\t\t\t<div class=\"elementor-element elementor-element-91137de cspt-align-left elementor-invisible elementor-widget elementor-widget-cspt_heading\" data-id=\"91137de\" data-element_type=\"widget\" data-e-type=\"widget\" data-settings=\"{&quot;_animation&quot;:&quot;fadeIn&quot;}\" data-widget_type=\"cspt_heading.default\">\n\t\t\t\t<div class=\"elementor-widget-container\">\n\t\t\t\t\t\t<div class=\"cspt-heading-subheading left-align \"><h2 class=\"cspt-element-title\">\r\n\t\t\t\r\n\t\t\t\tNurses - International Recruitment \r\n\t\t\t\r\n\t\t\t<\/h2>\r\n\t\t<h4 class=\"cspt-element-subtitle\">\r\n\t\t\t\r\n\t\t\t\t\n\r\n\t\t\t\r\n\t\t\t<\/h4>\r\n\t\t<div class=\"cspt-heading-desc\">C\u2019est le projet cr\u00e9\u00e9 pour pallier au manque cruel d\u2019infirmiers dans notre pays, en proposant \u00e0 des travailleurs \u00e9trangers, venant de pays ext\u00e9rieurs \u00e0 l\u2019Europe, de venir en Italie et de travailler dans des structures agr\u00e9\u00e9es.\u2028<br><br>Tous les services d\u2019Openjobmetis qui s\u2019adressent au candidat, notamment ceux de la formation, sont toujours enti\u00e8rement gratuits.\n<\/div><\/div>\t\t\t\t<\/div>\n\t\t\t\t<\/div>\n\t\t\t\t\t<\/div>\n\t\t<\/div>\n\t\t\t\t\t<\/div>\n\t\t<\/section>\n\t\t\t\t<div class=\"elementor-section elementor-top-section elementor-element elementor-element-ace25d4 elementor-hidden-tablet elementor-hidden-mobile cspt-col-stretched-none cspt-bg-color-over-image elementor-section-boxed elementor-section-height-default elementor-section-height-default\" data-id=\"ace25d4\" data-element_type=\"section\" data-e-type=\"section\">\n\t\t\t\t\t\t<div class=\"elementor-container elementor-column-gap-no\">\n\t\t\t\t\t<div class=\"elementor-column elementor-col-100 elementor-top-column elementor-element elementor-element-260ae2d cspt-bg-color-over-image\" data-id=\"260ae2d\" data-element_type=\"column\" data-e-type=\"column\">\n\t\t\t<div class=\"elementor-widget-wrap elementor-element-populated\">\n\t\t\t\t\t\t<div class=\"elementor-element elementor-element-247d28e elementor-widget-divider--view-line_text cspt-divider-text elementor-widget-divider--element-align-center elementor-widget elementor-widget-divider\" data-id=\"247d28e\" data-element_type=\"widget\" data-e-type=\"widget\" data-widget_type=\"divider.default\">\n\t\t\t\t<div class=\"elementor-widget-container\">\n\t\t\t\t\t\t\t<div class=\"elementor-divider\">\n\t\t\t<span class=\"elementor-divider-separator\">\n\t\t\t\t\t\t\t<span class=\"elementor-divider__text elementor-divider__element\">\n\t\t\t\tsp\u00e9cialis\u00e9 dans\t\t\t\t<\/span>\n\t\t\t\t\t\t<\/span>\n\t\t<\/div>\n\t\t\t\t\t\t<\/div>\n\t\t\t\t<\/div>\n\t\t\t\t\t<\/div>\n\t\t<\/div>\n\t\t\t\t\t<\/div>\n\t\t<\/div>\n\t\t\t\t<div class=\"elementor-section elementor-top-section elementor-element elementor-element-4f3b3fa elementor-section-full_width elementor-hidden-tablet elementor-hidden-mobile cspt-col-stretched-none cspt-bg-color-over-image elementor-section-height-default elementor-section-height-default\" data-id=\"4f3b3fa\" data-element_type=\"section\" data-e-type=\"section\">\n\t\t\t\t\t\t<div class=\"elementor-container elementor-column-gap-no\">\n\t\t\t\t\t<div class=\"elementor-column elementor-col-100 elementor-top-column elementor-element elementor-element-c84e04c cspt-bg-color-over-image\" data-id=\"c84e04c\" data-element_type=\"column\" data-e-type=\"column\">\n\t\t\t<div class=\"elementor-widget-wrap elementor-element-populated\">\n\t\t\t\t\t\t<div class=\"elementor-element elementor-element-48dcf18 cspt-marquestyle-01 elementor-icon-list--layout-traditional elementor-list-item-link-full_width elementor-widget elementor-widget-icon-list\" data-id=\"48dcf18\" data-element_type=\"widget\" data-e-type=\"widget\" data-widget_type=\"icon-list.default\">\n\t\t\t\t<div class=\"elementor-widget-container\">\n\t\t\t\t\t\t\t<ul class=\"elementor-icon-list-items\">\n\t\t\t\t\t\t\t<li class=\"elementor-icon-list-item\">\n\t\t\t\t\t\t\t\t\t\t<span class=\"elementor-icon-list-text\">Relazioni internazionali<\/span>\n\t\t\t\t\t\t\t\t\t<\/li>\n\t\t\t\t\t\t\t\t<li class=\"elementor-icon-list-item\">\n\t\t\t\t\t\t\t\t\t\t<span class=\"elementor-icon-list-text\">Recherche et s\u00e9lection<\/span>\n\t\t\t\t\t\t\t\t\t<\/li>\n\t\t\t\t\t\t\t\t<li class=\"elementor-icon-list-item\">\n\t\t\t\t\t\t\t\t\t\t<span class=\"elementor-icon-list-text\">Formaci\u00f3n<\/span>\n\t\t\t\t\t\t\t\t\t<\/li>\n\t\t\t\t\t\t\t\t<li class=\"elementor-icon-list-item\">\n\t\t\t\t\t\t\t\t\t\t<span class=\"elementor-icon-list-text\">Assist\u00eancia legal e administrativa<\/span>\n\t\t\t\t\t\t\t\t\t<\/li>\n\t\t\t\t\t\t\t\t<li class=\"elementor-icon-list-item\">\n\t\t\t\t\t\t\t\t\t\t<span class=\"elementor-icon-list-text\">Formazione<\/span>\n\t\t\t\t\t\t\t\t\t<\/li>\n\t\t\t\t\t\t\t\t<li class=\"elementor-icon-list-item\">\n\t\t\t\t\t\t\t\t\t\t<span class=\"elementor-icon-list-text\">Assistance juridique et administrative<\/span>\n\t\t\t\t\t\t\t\t\t<\/li>\n\t\t\t\t\t\t\t\t<li class=\"elementor-icon-list-item\">\n\t\t\t\t\t\t\t\t\t\t<span class=\"elementor-icon-list-text\">Relaciones internacionales<\/span>\n\t\t\t\t\t\t\t\t\t<\/li>\n\t\t\t\t\t\t\t\t<li class=\"elementor-icon-list-item\">\n\t\t\t\t\t\t\t\t\t\t<span class=\"elementor-icon-list-text\">Pesquisa e sele\u00e7\u00e3o<\/span>\n\t\t\t\t\t\t\t\t\t<\/li>\n\t\t\t\t\t\t<\/ul>\n\t\t\t\t\t\t<\/div>\n\t\t\t\t<\/div>\n\t\t\t\t<div class=\"elementor-element elementor-element-abbba2e cspt-marquestyle-02 elementor-icon-list--layout-traditional elementor-list-item-link-full_width elementor-widget elementor-widget-icon-list\" data-id=\"abbba2e\" data-element_type=\"widget\" data-e-type=\"widget\" data-widget_type=\"icon-list.default\">\n\t\t\t\t<div class=\"elementor-widget-container\">\n\t\t\t\t\t\t\t<ul class=\"elementor-icon-list-items\">\n\t\t\t\t\t\t\t<li class=\"elementor-icon-list-item\">\n\t\t\t\t\t\t\t\t\t\t<span class=\"elementor-icon-list-text\">Ricerca e selezione<\/span>\n\t\t\t\t\t\t\t\t\t<\/li>\n\t\t\t\t\t\t\t\t<li class=\"elementor-icon-list-item\">\n\t\t\t\t\t\t\t\t\t\t<span class=\"elementor-icon-list-text\">Formation<\/span>\n\t\t\t\t\t\t\t\t\t<\/li>\n\t\t\t\t\t\t\t\t<li class=\"elementor-icon-list-item\">\n\t\t\t\t\t\t\t\t\t\t<span class=\"elementor-icon-list-text\">Asistencia legal y administrativa<\/span>\n\t\t\t\t\t\t\t\t\t<\/li>\n\t\t\t\t\t\t\t\t<li class=\"elementor-icon-list-item\">\n\t\t\t\t\t\t\t\t\t\t<span class=\"elementor-icon-list-text\">Rela\u00e7\u00f5es internacionais<\/span>\n\t\t\t\t\t\t\t\t\t<\/li>\n\t\t\t\t\t\t\t\t<li class=\"elementor-icon-list-item\">\n\t\t\t\t\t\t\t\t\t\t<span class=\"elementor-icon-list-text\">Assistenza legale e amministrativa<\/span>\n\t\t\t\t\t\t\t\t\t<\/li>\n\t\t\t\t\t\t\t\t<li class=\"elementor-icon-list-item\">\n\t\t\t\t\t\t\t\t\t\t<span class=\"elementor-icon-list-text\">Relations internationales<\/span>\n\t\t\t\t\t\t\t\t\t<\/li>\n\t\t\t\t\t\t\t\t<li class=\"elementor-icon-list-item\">\n\t\t\t\t\t\t\t\t\t\t<span class=\"elementor-icon-list-text\">Investigaci\u00f3n y selecci\u00f3n<\/span>\n\t\t\t\t\t\t\t\t\t<\/li>\n\t\t\t\t\t\t\t\t<li class=\"elementor-icon-list-item\">\n\t\t\t\t\t\t\t\t\t\t<span class=\"elementor-icon-list-text\">Forma\u00e7\u00e3o<\/span>\n\t\t\t\t\t\t\t\t\t<\/li>\n\t\t\t\t\t\t<\/ul>\n\t\t\t\t\t\t<\/div>\n\t\t\t\t<\/div>\n\t\t\t\t\t<\/div>\n\t\t<\/div>\n\t\t\t\t\t<\/div>\n\t\t<\/div>\n\t\t\t\t<\/div>\n\t\t","protected":false},"excerpt":{"rendered":"<p>Histoire L&rsquo;histoire de Leticia e Rafael Une opportunit\u00e9 professionnelle unique, une occasion pour se remettre en question, une exp\u00e9rience de vie dans un pays loin de chez vous, \u00e0 partager avec la personne que l\u2019on aime : voici l\u2019histoire de Leticia et Rafael, deux jeunes #infirmiers br\u00e9siliens qui ont choisi de d\u00e9m\u00e9nager en #Italie, gr\u00e2ce au projet Nurses \u2013 International Recruitment d\u2019 #Openjobmetis. Apr\u00e8s le processus cognitif et bureaucratique n\u00e9cessaire,[&hellip;]<\/p>\n","protected":false},"author":1,"featured_media":0,"parent":0,"menu_order":12,"comment_status":"closed","ping_status":"closed","template":"","meta":{"footnotes":""},"class_list":["post-2916","page","type-page","status-publish","hentry"],"aioseo_notices":[],"_links":{"self":[{"href":"https:\/\/internationalrecruitment.it\/fr\/wp-json\/wp\/v2\/pages\/2916","targetHints":{"allow":["GET"]}}],"collection":[{"href":"https:\/\/internationalrecruitment.it\/fr\/wp-json\/wp\/v2\/pages"}],"about":[{"href":"https:\/\/internationalrecruitment.it\/fr\/wp-json\/wp\/v2\/types\/page"}],"author":[{"embeddable":true,"href":"https:\/\/internationalrecruitment.it\/fr\/wp-json\/wp\/v2\/users\/1"}],"replies":[{"embeddable":true,"href":"https:\/\/internationalrecruitment.it\/fr\/wp-json\/wp\/v2\/comments?post=2916"}],"version-history":[{"count":6,"href":"https:\/\/internationalrecruitment.it\/fr\/wp-json\/wp\/v2\/pages\/2916\/revisions"}],"predecessor-version":[{"id":2923,"href":"https:\/\/internationalrecruitment.it\/fr\/wp-json\/wp\/v2\/pages\/2916\/revisions\/2923"}],"wp:attachment":[{"href":"https:\/\/internationalrecruitment.it\/fr\/wp-json\/wp\/v2\/media?parent=2916"}],"curies":[{"name":"wp","href":"https:\/\/api.w.org\/{rel}","templated":true}]}}